{"id":35,"date":"2014-02-06T18:56:07","date_gmt":"2014-02-06T17:56:07","guid":{"rendered":"http:\/\/art-office.at\/em\/?page_id=35"},"modified":"2022-08-29T18:30:30","modified_gmt":"2022-08-29T17:30:30","slug":"office","status":"publish","type":"page","link":"https:\/\/art-office.at\/em\/?page_id=35","title":{"rendered":"Office"},"content":{"rendered":"<p align=\"center\"><strong>Sie erhalten bei mir alle gew\u00fcnschten Dienstleistungen \u201erund um das B\u00fcro\u201c.<\/strong><\/p>\n<h1 style=\"text-align: center;\" align=\"center\"><span style=\"color: #f39400;\"><strong>Konzentrieren Sie sich auf Ihr gewinnbringendes Kerngesch\u00e4ft,<br \/>\n<\/strong><\/span><span style=\"color: #f39400;\"><strong>ich halte Ihnen erfolgreich den R\u00fccken frei.<\/strong><\/span><\/h1>\n<p style=\"text-align: center;\">\u00a0Ihre Vorteile mit\u00a0\u00a0\u00a0<img loading=\"lazy\" decoding=\"async\" class=\"alignnone wp-image-42\" style=\"width: 127px;\" src=\"http:\/\/art-office.at\/em\/wp-content\/uploads\/2014\/02\/artoffice.png\" alt=\"artoffice\" width=\"90\" height=\"43\" \/>\u00a0 als Partner:<\/p>\n<h1><b>\u221a<\/b> <span style=\"color: #f39400;\">Berufserfahrung<\/span><\/h1>\n<p><strong>Alles wird schnell und effizient erledigt! <\/strong>Profitieren Sie von 20 Jahren Erfahrung als Assistenz und B\u00fcrofachkraft. Ich bringe auch gerne eine externe Sichtweise ein.<\/p>\n<h1><b>\u221a <\/b><span style=\"color: #f39400;\">Selbstst\u00e4ndig<\/span><\/h1>\n<p><strong>Sie ersparen sich lange Einschulungen!<\/strong> Durch meine langj\u00e4hrige Berufserfahrung und meine kompetente und gewissenhafte Arbeitsweise bin ich f\u00fcr Sie eine sofort einsatzf\u00e4hige Unterst\u00fctzung.<\/p>\n<h1><b>\u221a <\/b><span style=\"color: #f39400;\">Flexibel<\/span><\/h1>\n<p><strong>Sie werden zeitgerecht fertig! <\/strong>Sie haben einen Personalengpass, ausgel\u00f6st durch ein gro\u00dfes Projekt, Krankenstand oder Urlaub. Ich passe mich flexibel Ihrem Arbeitsvolumen an. Auftr\u00e4ge erledige ich extern oder auch\u00a0in Ihrem B\u00fcro.<\/p>\n<h1><b>\u221a <\/b><span style=\"color: #f39400;\">Kostensparend<\/span><\/h1>\n<p><strong>Sie haben k<\/strong><strong>eine <\/strong><strong>personellen <\/strong><strong>Leerl\u00e4ufe!<\/strong> Sie zahlen nur\u00a0die tats\u00e4chlich in Anspruch genommenen Dienstleistungen und sparen damit Personalfixkosten.<\/p>\n<h1><b>\u221a <\/b><span style=\"color: #f39400;\">Gute Laune<\/span><\/h1>\n<p><strong>Es geht Ihnen vieles leichter von der Hand! <\/strong>Ich nehme meinen Auftrag und meine Kunden sehr ernst! Doch ein L\u00e4cheln in meinem Gesicht sorgt auch f\u00fcr Ihre gute Laune.<\/p>\n<p style=\"text-align: center;\" align=\"center\"><a title=\"Dienstleistungen\" href=\"http:\/\/art-office.at\/em\/?page_id=179\"><strong><span style=\"color: #f39400;\">Meine Leistungen<\/span><\/strong><\/a>\u00a0im Detail<\/p>\n<p style=\"text-align: center;\" align=\"center\"><a title=\"AGB\" href=\"http:\/\/art-office.at\/em\/wp-content\/uploads\/2014\/05\/allgemeine_geschaeftsbedingungen.pdf\" target=\"_blank\" rel=\"noopener\"><strong><span style=\"color: #f39400;\"><span style=\"color: #f39400;\">Allgemeine Gesch\u00e4ftsbedingungen<\/span><\/span><\/strong><\/a><\/p>\n<p style=\"text-align: center;\">Kontakt unter +43 699 12388412 oder willkommen@art-office.at<\/p>\n","protected":false},"excerpt":{"rendered":"<p>Sie erhalten bei mir alle gew\u00fcnschten Dienstleistungen \u201erund um das B\u00fcro\u201c. Konzentrieren Sie sich auf Ihr gewinnbringendes Kerngesch\u00e4ft, ich halte Ihnen erfolgreich den R\u00fccken frei. \u00a0Ihre Vorteile mit\u00a0\u00a0\u00a0\u00a0 als Partner: \u221a Berufserfahrung Alles wird schnell und effizient erledigt! Profitieren Sie &hellip; <a href=\"https:\/\/art-office.at\/em\/?page_id=35\">Weiterlesen <span class=\"meta-nav\">&rarr;<\/span><\/a><\/p>\n","protected":false},"author":1,"featured_media":0,"parent":0,"menu_order":3,"comment_status":"closed","ping_status":"closed","template":"","meta":{"footnotes":""},"class_list":["post-35","page","type-page","status-publish","hentry"],"_links":{"self":[{"href":"https:\/\/art-office.at\/em\/index.php?rest_route=\/wp\/v2\/pages\/35","targetHints":{"allow":["GET"]}}],"collection":[{"href":"https:\/\/art-office.at\/em\/index.php?rest_route=\/wp\/v2\/pages"}],"about":[{"href":"https:\/\/art-office.at\/em\/index.php?rest_route=\/wp\/v2\/types\/page"}],"author":[{"embeddable":true,"href":"https:\/\/art-office.at\/em\/index.php?rest_route=\/wp\/v2\/users\/1"}],"replies":[{"embeddable":true,"href":"https:\/\/art-office.at\/em\/index.php?rest_route=%2Fwp%2Fv2%2Fcomments&post=35"}],"version-history":[{"count":24,"href":"https:\/\/art-office.at\/em\/index.php?rest_route=\/wp\/v2\/pages\/35\/revisions"}],"predecessor-version":[{"id":791,"href":"https:\/\/art-office.at\/em\/index.php?rest_route=\/wp\/v2\/pages\/35\/revisions\/791"}],"wp:attachment":[{"href":"https:\/\/art-office.at\/em\/index.php?rest_route=%2Fwp%2Fv2%2Fmedia&parent=35"}],"curies":[{"name":"wp","href":"https:\/\/api.w.org\/{rel}","templated":true}]}}